{"id":1097,"date":"2020-01-06T01:58:55","date_gmt":"2020-01-06T01:58:55","guid":{"rendered":"http:\/\/ofitecnicsv.com\/?post_type=product&#038;p=1097"},"modified":"2020-01-06T02:22:38","modified_gmt":"2020-01-06T02:22:38","slug":"konica-minolta-press7000","status":"publish","type":"product","link":"https:\/\/ofitecnicsv.com\/?product=konica-minolta-press7000","title":{"rendered":"Konica Minolta Press7000"},"content":{"rendered":"<p>Los departamentos centrales de reprograf\u00eda y las imprentas digitales dar\u00e1n la bienvenida al color digital de la<br \/>\nserie PRESS de Konica Minolta, que combina la producci\u00f3n de impresi\u00f3n en color de alta velocidad con una<br \/>\namplia gama de acabados profesionales integrados. Al sorprender por su imagen y su incre\u00edble y consistente<br \/>\ncalidad de impresi\u00f3n, la bizhub PRESS C6000 y la bizhub PRESS C7000\/P abren una nueva era en la calidad de<br \/>\nla producci\u00f3n en color. Proporcionan una inigualable versatilidad modular y aseguran una perfecta adaptabilidad<br \/>\ninicial en el entorno de producci\u00f3n.<\/p>\n<p>&nbsp;<\/p>\n<p><a href=\"http:\/\/ofitecnicsv.com\/wp-content\/uploads\/2020\/01\/press7000.pdf\">press7000<\/a><\/p>\n","protected":false},"excerpt":{"rendered":"<p>Los departamentos centrales de reprograf\u00eda y las imprentas digitales dar\u00e1n la bienvenida al color digital de la serie PRESS de Konica Minolta, que combina la producci\u00f3n de impresi\u00f3n en color de alta velocidad con una amplia gama de acabados profesionales integrados. Al sorprender por su imagen y su incre\u00edble y consistente calidad de impresi\u00f3n, la &hellip;<\/p>\n<p class=\"read-more\"> <a class=\"\" href=\"https:\/\/ofitecnicsv.com\/?product=konica-minolta-press7000\"> <span class=\"screen-reader-text\">Konica Minolta Press7000<\/span> Leer m\u00e1s &raquo;<\/a><\/p>\n","protected":false},"featured_media":1101,"template":"","meta":[],"class_list":{"0":"post-1097","1":"product","2":"type-product","3":"status-publish","4":"has-post-thumbnail","6":"product_cat-color","7":"product_cat-equipos","8":"product_cat-minolta","10":"first","11":"instock","12":"featured","13":"shipping-taxable","14":"product-type-simple"},"_links":{"self":[{"href":"https:\/\/ofitecnicsv.com\/index.php?rest_route=\/wp\/v2\/product\/1097","targetHints":{"allow":["GET"]}}],"collection":[{"href":"https:\/\/ofitecnicsv.com\/index.php?rest_route=\/wp\/v2\/product"}],"about":[{"href":"https:\/\/ofitecnicsv.com\/index.php?rest_route=\/wp\/v2\/types\/product"}],"version-history":[{"count":1,"href":"https:\/\/ofitecnicsv.com\/index.php?rest_route=\/wp\/v2\/product\/1097\/revisions"}],"predecessor-version":[{"id":1099,"href":"https:\/\/ofitecnicsv.com\/index.php?rest_route=\/wp\/v2\/product\/1097\/revisions\/1099"}],"wp:featuredmedia":[{"embeddable":true,"href":"https:\/\/ofitecnicsv.com\/index.php?rest_route=\/wp\/v2\/media\/1101"}],"wp:attachment":[{"href":"https:\/\/ofitecnicsv.com\/index.php?rest_route=%2Fwp%2Fv2%2Fmedia&parent=1097"}],"curies":[{"name":"wp","href":"https:\/\/api.w.org\/{rel}","templated":true}]}}