{"id":1088,"date":"2020-01-06T01:47:20","date_gmt":"2020-01-06T01:47:20","guid":{"rendered":"http:\/\/ofitecnicsv.com\/?post_type=product&#038;p=1088"},"modified":"2020-01-06T02:15:25","modified_gmt":"2020-01-06T02:15:25","slug":"konica-minolta-c280","status":"publish","type":"product","link":"https:\/\/ofitecnicsv.com\/?product=konica-minolta-c280","title":{"rendered":"Konica Minolta C280"},"content":{"rendered":"","protected":false},"excerpt":{"rendered":"<p>Las bizhub C220, bizhub C280 y bizhub C360 son los equipos m\u00e1s innovadores de Konica Minolta para la producci\u00f3n diaria de documentos en entornos corporativos y son perfectas para oficinas y grupos de trabajo en departamentos financieros y contables, en recursos humanos, en log\u00edstica y muchas otras \u00e1reas donde la mayor\u00eda del trabajo se realiza en blanco y negro. Esta nueva gama de productos dispone de un coste real de p\u00e1gina en blanco y negro similar al de cualquier equipo monocromo. Adem\u00e1s las bizhub C220, C280 y C360 tienen una caracter\u00edstica extra: la ventaja de poder utilizar el color cuando se desee.<\/p>\n<p><a href=\"http:\/\/ofitecnicsv.com\/wp-content\/uploads\/2020\/01\/K-280.pdf\">Especificaciones C280<\/a><\/p>\n","protected":false},"featured_media":1092,"template":"","meta":[],"class_list":{"0":"post-1088","1":"product","2":"type-product","3":"status-publish","4":"has-post-thumbnail","6":"product_cat-color","7":"product_cat-equipos","8":"product_cat-minolta","10":"first","11":"instock","12":"featured","13":"shipping-taxable","14":"product-type-simple"},"_links":{"self":[{"href":"https:\/\/ofitecnicsv.com\/index.php?rest_route=\/wp\/v2\/product\/1088","targetHints":{"allow":["GET"]}}],"collection":[{"href":"https:\/\/ofitecnicsv.com\/index.php?rest_route=\/wp\/v2\/product"}],"about":[{"href":"https:\/\/ofitecnicsv.com\/index.php?rest_route=\/wp\/v2\/types\/product"}],"version-history":[{"count":1,"href":"https:\/\/ofitecnicsv.com\/index.php?rest_route=\/wp\/v2\/product\/1088\/revisions"}],"predecessor-version":[{"id":1093,"href":"https:\/\/ofitecnicsv.com\/index.php?rest_route=\/wp\/v2\/product\/1088\/revisions\/1093"}],"wp:featuredmedia":[{"embeddable":true,"href":"https:\/\/ofitecnicsv.com\/index.php?rest_route=\/wp\/v2\/media\/1092"}],"wp:attachment":[{"href":"https:\/\/ofitecnicsv.com\/index.php?rest_route=%2Fwp%2Fv2%2Fmedia&parent=1088"}],"curies":[{"name":"wp","href":"https:\/\/api.w.org\/{rel}","templated":true}]}}