{"id":1078,"date":"2020-01-06T00:39:45","date_gmt":"2020-01-06T00:39:45","guid":{"rendered":"http:\/\/ofitecnicsv.com\/?post_type=product&#038;p=1078"},"modified":"2020-01-06T01:29:29","modified_gmt":"2020-01-06T01:29:29","slug":"kocia-minolta-c364e","status":"publish","type":"product","link":"https:\/\/ofitecnicsv.com\/?product=kocia-minolta-c364e","title":{"rendered":"Kocia Minolta C364e"},"content":{"rendered":"","protected":false},"excerpt":{"rendered":"<p>Hasta 36 ppm de impresi\u00f3n y copiado que permiten responder a las crecientes demandas<br \/>\nEscaneado doble opcional de hasta 160 originales por minuto<br \/>\nPantalla grande a color de 9 pulg. con interfaz semejante a una tableta<br \/>\nPantalla t\u00e1ctil que permite un control sencillo e integraci\u00f3n con software de terceros<br \/>\nSistema de impresi\u00f3n integrado Emperon\u00ae, controladores universales de impresi\u00f3n<br \/>\nT\u00f3ner polimerizado de Simitri\u00ae HD para formaci\u00f3n de im\u00e1genes de alta resoluci\u00f3n<br \/>\nUnidad de disco duro est\u00e1ndar de 250 GB para almacenamiento local de documentos<br \/>\nCumple con las normas de seguridad ISO 15408 e IEEE 2600.1<br \/>\nNuevo dise\u00f1o que ahorra energ\u00eda y se activa r\u00e1pidamente tras estar en modo de suspensi\u00f3n<br \/>\nCapacidad m\u00e1xima de 3650 hojas, compatibilidad con impresi\u00f3n de pesta\u00f1as, impresi\u00f3n<br \/>\nde copias carb\u00f3n<br \/>\nAutenticaci\u00f3n avanzada, liberaci\u00f3n de impresos de forma segura, actualizaciones<br \/>\nde firmware remotas<br \/>\nOpciones de acabado para elaborar folletos de 80 p\u00e1ginas<br \/>\nPerforadora de 2\/3 orificios, plegado triple<br \/>\nLas aplicaciones que se pueden descargar de Internet ayudan a trabajar con m\u00e1s rapidez<br \/>\ny mejor organizaci\u00f3n<br \/>\ni-Options para agregar funciones que permiten trabajar con m\u00e1s eficiencia<br \/>\nCertificado de oro de EPEAT, consumo de energ\u00eda reducido para reducir tambi\u00e9n los costos<br \/>\nCompatibilidad con impresi\u00f3n m\u00f3vil (AirPrint, Google Cloud Print, NFC)<\/p>\n<p><a href=\"http:\/\/ofitecnicsv.com\/wp-content\/uploads\/2020\/01\/364e_ET.pdf\">Especificaciones 364e<\/a><\/p>\n<p>&nbsp;<\/p>\n","protected":false},"featured_media":1079,"template":"","meta":[],"class_list":{"0":"post-1078","1":"product","2":"type-product","3":"status-publish","4":"has-post-thumbnail","6":"product_cat-color","7":"product_cat-equipos","8":"product_cat-minolta","10":"first","11":"instock","12":"featured","13":"shipping-taxable","14":"product-type-simple"},"_links":{"self":[{"href":"https:\/\/ofitecnicsv.com\/index.php?rest_route=\/wp\/v2\/product\/1078","targetHints":{"allow":["GET"]}}],"collection":[{"href":"https:\/\/ofitecnicsv.com\/index.php?rest_route=\/wp\/v2\/product"}],"about":[{"href":"https:\/\/ofitecnicsv.com\/index.php?rest_route=\/wp\/v2\/types\/product"}],"version-history":[{"count":1,"href":"https:\/\/ofitecnicsv.com\/index.php?rest_route=\/wp\/v2\/product\/1078\/revisions"}],"predecessor-version":[{"id":1082,"href":"https:\/\/ofitecnicsv.com\/index.php?rest_route=\/wp\/v2\/product\/1078\/revisions\/1082"}],"wp:featuredmedia":[{"embeddable":true,"href":"https:\/\/ofitecnicsv.com\/index.php?rest_route=\/wp\/v2\/media\/1079"}],"wp:attachment":[{"href":"https:\/\/ofitecnicsv.com\/index.php?rest_route=%2Fwp%2Fv2%2Fmedia&parent=1078"}],"curies":[{"name":"wp","href":"https:\/\/api.w.org\/{rel}","templated":true}]}}