{"id":1064,"date":"2020-01-05T19:54:07","date_gmt":"2020-01-05T19:54:07","guid":{"rendered":"http:\/\/ofitecnicsv.com\/?post_type=product&#038;p=1064"},"modified":"2020-01-06T01:32:18","modified_gmt":"2020-01-06T01:32:18","slug":"canon-ir1025if","status":"publish","type":"product","link":"https:\/\/ofitecnicsv.com\/?product=canon-ir1025if","title":{"rendered":"Canon IR1025if"},"content":{"rendered":"","protected":false},"excerpt":{"rendered":"<p>La imageRUNNER 1025iF, que funciona a velocidades de hasta 25 ppm (tama\u00f1o Carta), ofrece capacidades de alta calidad para grupos de trabajo y negocios peque\u00f1os.<\/p>\n<p>El modelo imageRUNNER 1025iF proporciona capacidades de distribuci\u00f3n de documentos a todo color que incorporan la tecnolog\u00eda de Alta Compresi\u00f3n de PDF, patentada por Canon, para una administraci\u00f3n eficaz de los documentos en color y los datos de imagen en su red. Adicionalmente, la imageRUNNER 1025iF tambi\u00e9n ofrece la poderosa tecnolog\u00eda de Fax Super G3 para enviar y recibir documentos con rapidez y facilidad. La imageRUNNER 1025iF tambi\u00e9n es compatible con las capacidades avanzadas del copiado digital, la funci\u00f3n bilateral autom\u00e1tica, el escaneo a todo color y la impresi\u00f3n en red, al igual que el Alimentador Autom\u00e1tico de Documentos Bilaterales est\u00e1ndar para 50 hojas.<\/p>\n<p><a href=\"http:\/\/ofitecnicsv.com\/wp-content\/uploads\/2020\/01\/iR1024_1025_Series_Br_Eng.pdf\">iR1024_1025_Series_Br_Eng<\/a><\/p>\n","protected":false},"featured_media":1066,"template":"","meta":[],"class_list":{"0":"post-1064","1":"product","2":"type-product","3":"status-publish","4":"has-post-thumbnail","6":"product_cat-blanco-y-negro","7":"product_cat-canon","8":"product_cat-equipos","10":"first","11":"instock","12":"featured","13":"shipping-taxable","14":"product-type-simple"},"_links":{"self":[{"href":"https:\/\/ofitecnicsv.com\/index.php?rest_route=\/wp\/v2\/product\/1064","targetHints":{"allow":["GET"]}}],"collection":[{"href":"https:\/\/ofitecnicsv.com\/index.php?rest_route=\/wp\/v2\/product"}],"about":[{"href":"https:\/\/ofitecnicsv.com\/index.php?rest_route=\/wp\/v2\/types\/product"}],"version-history":[{"count":1,"href":"https:\/\/ofitecnicsv.com\/index.php?rest_route=\/wp\/v2\/product\/1064\/revisions"}],"predecessor-version":[{"id":1067,"href":"https:\/\/ofitecnicsv.com\/index.php?rest_route=\/wp\/v2\/product\/1064\/revisions\/1067"}],"wp:featuredmedia":[{"embeddable":true,"href":"https:\/\/ofitecnicsv.com\/index.php?rest_route=\/wp\/v2\/media\/1066"}],"wp:attachment":[{"href":"https:\/\/ofitecnicsv.com\/index.php?rest_route=%2Fwp%2Fv2%2Fmedia&parent=1064"}],"curies":[{"name":"wp","href":"https:\/\/api.w.org\/{rel}","templated":true}]}}