{"id":1059,"date":"2020-01-05T19:47:32","date_gmt":"2020-01-05T19:47:32","guid":{"rendered":"http:\/\/ofitecnicsv.com\/?post_type=product&#038;p=1059"},"modified":"2020-01-06T01:32:23","modified_gmt":"2020-01-06T01:32:23","slug":"canon-ir400if","status":"publish","type":"product","link":"https:\/\/ofitecnicsv.com\/?product=canon-ir400if","title":{"rendered":"Canon IR400if"},"content":{"rendered":"","protected":false},"excerpt":{"rendered":"<p>Los modelos imageRUNNER ADVANCE 400iF son los dispositivos multifuncionales de tama\u00f1o Carta\/Legal m\u00e1s avanzados de Canon. Ellos brindan flujos de trabajo eficientes y f\u00e1ciles y ofrecen conectividad hacia dispositivos m\u00f3viles y herramientas basadas en la nube. La integraci\u00f3n sencilla de los dispositivos permite la transici\u00f3n de las impresoras de una funci\u00f3n a soluciones MDS avanzadas, sin sacrificar el espacio. Dise\u00f1ados para ayudar a los negocios a alcanzar una productividad superior, los modelos de esta Serie son simplemente avanzados.<\/p>\n<p>&nbsp;<\/p>\n<p><a href=\"http:\/\/ofitecnicsv.com\/wp-content\/uploads\/2020\/01\/IRADV-500IF_l1L-1.pdf\">Especificaciones Canon IR500IF<\/a><\/p>\n","protected":false},"featured_media":1062,"template":"","meta":[],"class_list":{"0":"post-1059","1":"product","2":"type-product","3":"status-publish","4":"has-post-thumbnail","6":"product_cat-blanco-y-negro","7":"product_cat-canon","8":"product_cat-equipos","10":"first","11":"instock","12":"featured","13":"shipping-taxable","14":"product-type-simple"},"_links":{"self":[{"href":"https:\/\/ofitecnicsv.com\/index.php?rest_route=\/wp\/v2\/product\/1059","targetHints":{"allow":["GET"]}}],"collection":[{"href":"https:\/\/ofitecnicsv.com\/index.php?rest_route=\/wp\/v2\/product"}],"about":[{"href":"https:\/\/ofitecnicsv.com\/index.php?rest_route=\/wp\/v2\/types\/product"}],"version-history":[{"count":1,"href":"https:\/\/ofitecnicsv.com\/index.php?rest_route=\/wp\/v2\/product\/1059\/revisions"}],"predecessor-version":[{"id":1063,"href":"https:\/\/ofitecnicsv.com\/index.php?rest_route=\/wp\/v2\/product\/1059\/revisions\/1063"}],"wp:featuredmedia":[{"embeddable":true,"href":"https:\/\/ofitecnicsv.com\/index.php?rest_route=\/wp\/v2\/media\/1062"}],"wp:attachment":[{"href":"https:\/\/ofitecnicsv.com\/index.php?rest_route=%2Fwp%2Fv2%2Fmedia&parent=1059"}],"curies":[{"name":"wp","href":"https:\/\/api.w.org\/{rel}","templated":true}]}}