{"id":1051,"date":"2020-01-05T16:31:04","date_gmt":"2020-01-05T16:31:04","guid":{"rendered":"http:\/\/ofitecnicsv.com\/?post_type=product&#038;p=1051"},"modified":"2020-01-06T01:29:42","modified_gmt":"2020-01-06T01:29:42","slug":"kyocera-m3550idn","status":"publish","type":"product","link":"https:\/\/ofitecnicsv.com\/?product=kyocera-m3550idn","title":{"rendered":"Kyocera M3550idn"},"content":{"rendered":"","protected":false},"excerpt":{"rendered":"<p><strong>Generalidades del Producto<\/strong><\/p>\n<div class=\"row\">\n<div class=\"col-md-12\">\n<div>La ECOSYS M3550idn es una gama completa de soluciones que dinamiza los flujos de trabajo de documentos y mantiene su rentabilidad. Con potencia y movilidad multifuncionales para grupos de trabajo corporativos, combina una impresi\u00f3n n\u00edtida de 52 ppm en blanco y negro con fax y escaneo color. Una pantalla color t\u00e1ctil de 7&#8243; personalizada y estilo tablet redefine la eficiencia de los trabajos mediante el almacenamiento sencillo de las tareas de rutina y un r\u00e1pido acceso a las aplicaciones de negocios que ofrecen funciones adicionales para sus flujos de trabajo de documentos. Del mismo modo, los consumibles de larga duraci\u00f3n de ECOSYS y un impresionante rendimiento del cilindro brindan una soluci\u00f3n econ\u00f3mica y ecol\u00f3gica lo que hace que este dispositivo sea la elecci\u00f3n inteligente para su negocio.<\/div>\n<\/div>\n<\/div>\n<div class=\"row\">\n<div class=\"col-md-6\">\n<div>\n<ul>\n<li>52 ppm B&amp;N<\/li>\n<\/ul>\n<ul>\n<li>Impresi\u00f3n\/Escanea\/Copia\/Fax<\/li>\n<\/ul>\n<ul>\n<li>600 x 600 dpi, Hasta Fine 1200 dpi<\/li>\n<\/ul>\n<ul>\n<li>Est\u00e1ndar: 600 Hojas<br \/>\nM\u00e1ximo: 2,600 Hojas<\/li>\n<\/ul>\n<\/div>\n<div><a href=\"http:\/\/ofitecnicsv.com\/wp-content\/uploads\/2020\/01\/MX_ECOSYS_M3550idn_spec.pdf\">Especificaciones M3550idn<\/a><\/div>\n<\/div>\n<\/div>\n","protected":false},"featured_media":1053,"template":"","meta":[],"class_list":{"0":"post-1051","1":"product","2":"type-product","3":"status-publish","4":"has-post-thumbnail","6":"product_cat-blanco-y-negro","7":"product_cat-equipos","8":"product_cat-kyocera","10":"first","11":"instock","12":"featured","13":"shipping-taxable","14":"product-type-simple"},"_links":{"self":[{"href":"https:\/\/ofitecnicsv.com\/index.php?rest_route=\/wp\/v2\/product\/1051","targetHints":{"allow":["GET"]}}],"collection":[{"href":"https:\/\/ofitecnicsv.com\/index.php?rest_route=\/wp\/v2\/product"}],"about":[{"href":"https:\/\/ofitecnicsv.com\/index.php?rest_route=\/wp\/v2\/types\/product"}],"version-history":[{"count":1,"href":"https:\/\/ofitecnicsv.com\/index.php?rest_route=\/wp\/v2\/product\/1051\/revisions"}],"predecessor-version":[{"id":1054,"href":"https:\/\/ofitecnicsv.com\/index.php?rest_route=\/wp\/v2\/product\/1051\/revisions\/1054"}],"wp:featuredmedia":[{"embeddable":true,"href":"https:\/\/ofitecnicsv.com\/index.php?rest_route=\/wp\/v2\/media\/1053"}],"wp:attachment":[{"href":"https:\/\/ofitecnicsv.com\/index.php?rest_route=%2Fwp%2Fv2%2Fmedia&parent=1051"}],"curies":[{"name":"wp","href":"https:\/\/api.w.org\/{rel}","templated":true}]}}