{"id":1043,"date":"2020-01-05T16:22:01","date_gmt":"2020-01-05T16:22:01","guid":{"rendered":"http:\/\/ofitecnicsv.com\/?post_type=product&#038;p=1043"},"modified":"2020-01-06T01:33:09","modified_gmt":"2020-01-06T01:33:09","slug":"kyocera-km-4050","status":"publish","type":"product","link":"https:\/\/ofitecnicsv.com\/?product=kyocera-km-4050","title":{"rendered":"Kyocera KM-4050"},"content":{"rendered":"","protected":false},"excerpt":{"rendered":"<p>KYOCERA KM-4050. Tecnolog\u00eda de impresi\u00f3n: Laser, Copiando: Copias en blanco y negro. Resoluci\u00f3n m\u00e1xima de copia: 600 x 600 DPI. Escaneando: Escaneo a color, Enviando por fax: Env\u00edo y recepci\u00f3n de faxes en blanco y negro. Capacidad de entrada est\u00e1ndar: 1000 hojas, Capacidad de salida est\u00e1ndar: 250 hojas<\/p>\n<p><a href=\"http:\/\/ofitecnicsv.com\/wp-content\/uploads\/2020\/01\/KM-4050_webspec_v2_SP.pdf\">Especificaciones KM-4050<\/a><\/p>\n","protected":false},"featured_media":1044,"template":"","meta":[],"class_list":{"0":"post-1043","1":"product","2":"type-product","3":"status-publish","4":"has-post-thumbnail","6":"product_cat-blanco-y-negro","7":"product_cat-equipos","8":"product_cat-kyocera","10":"first","11":"instock","12":"featured","13":"shipping-taxable","14":"product-type-simple"},"_links":{"self":[{"href":"https:\/\/ofitecnicsv.com\/index.php?rest_route=\/wp\/v2\/product\/1043","targetHints":{"allow":["GET"]}}],"collection":[{"href":"https:\/\/ofitecnicsv.com\/index.php?rest_route=\/wp\/v2\/product"}],"about":[{"href":"https:\/\/ofitecnicsv.com\/index.php?rest_route=\/wp\/v2\/types\/product"}],"version-history":[{"count":1,"href":"https:\/\/ofitecnicsv.com\/index.php?rest_route=\/wp\/v2\/product\/1043\/revisions"}],"predecessor-version":[{"id":1046,"href":"https:\/\/ofitecnicsv.com\/index.php?rest_route=\/wp\/v2\/product\/1043\/revisions\/1046"}],"wp:featuredmedia":[{"embeddable":true,"href":"https:\/\/ofitecnicsv.com\/index.php?rest_route=\/wp\/v2\/media\/1044"}],"wp:attachment":[{"href":"https:\/\/ofitecnicsv.com\/index.php?rest_route=%2Fwp%2Fv2%2Fmedia&parent=1043"}],"curies":[{"name":"wp","href":"https:\/\/api.w.org\/{rel}","templated":true}]}}