{"id":1035,"date":"2020-01-04T17:54:38","date_gmt":"2020-01-04T17:54:38","guid":{"rendered":"http:\/\/ofitecnicsv.com\/?post_type=product&#038;p=1035"},"modified":"2020-01-05T16:09:04","modified_gmt":"2020-01-05T16:09:04","slug":"kyocera-taskalfa-420i","status":"publish","type":"product","link":"https:\/\/ofitecnicsv.com\/?product=kyocera-taskalfa-420i","title":{"rendered":"Kyocera TaskAlfa 420i"},"content":{"rendered":"","protected":false},"excerpt":{"rendered":"<p>El Sistema Multifuncional Blanco y Negro TASKalfa 420i de Kyocera proporciona la productividad, la flexibilidad y la confiabilidad que sus clientes requieren todo en un audaz dise\u00f1o blanco y plata. Con una impresionante velocidad de 42 ppm, la TASKalfa 420i combina la tecnolog\u00eda unica de larga vida y una serie de robustas caracter\u00edsticas, como el escaneo a todo color y la funcionalidad de impresi\u00f3n desde USB y escaneo a USB. Maximizando el desempe\u00f1o con HyPAS, una poderosa y escalable plataforma de solci\u00f3n de Software de Kyocera. Dise\u00f1ada para satisfacer cualquier necesidad especifca del manejo de documentos que su cliente requiere, HyPAS-permite a TASKalfa 420i una sencilla integraci\u00f3n con aplicaciones de software ampliamente aceptada en cualquier ambiente de negocios. Fabricada con caracter\u00edsticas de producto innovativas y una probada confiabilidad, la TASKalfa 420i de Kyocera revolucionar\u00e1 los ambientes de oficina. De esto se trata TASKalfa 420i de Kyocera.<\/p>\n<p><a href=\"http:\/\/ofitecnicsv.com\/wp-content\/uploads\/2020\/01\/Folleto_TASKalfa_420i.pdf\">Folleto_TASKalfa_420i<\/a><\/p>\n","protected":false},"featured_media":1039,"template":"","meta":[],"class_list":{"0":"post-1035","1":"product","2":"type-product","3":"status-publish","4":"has-post-thumbnail","6":"product_cat-blanco-y-negro","7":"product_cat-equipos","8":"product_cat-kyocera","10":"first","11":"instock","12":"featured","13":"shipping-taxable","14":"product-type-simple"},"_links":{"self":[{"href":"https:\/\/ofitecnicsv.com\/index.php?rest_route=\/wp\/v2\/product\/1035","targetHints":{"allow":["GET"]}}],"collection":[{"href":"https:\/\/ofitecnicsv.com\/index.php?rest_route=\/wp\/v2\/product"}],"about":[{"href":"https:\/\/ofitecnicsv.com\/index.php?rest_route=\/wp\/v2\/types\/product"}],"version-history":[{"count":3,"href":"https:\/\/ofitecnicsv.com\/index.php?rest_route=\/wp\/v2\/product\/1035\/revisions"}],"predecessor-version":[{"id":1040,"href":"https:\/\/ofitecnicsv.com\/index.php?rest_route=\/wp\/v2\/product\/1035\/revisions\/1040"}],"wp:featuredmedia":[{"embeddable":true,"href":"https:\/\/ofitecnicsv.com\/index.php?rest_route=\/wp\/v2\/media\/1039"}],"wp:attachment":[{"href":"https:\/\/ofitecnicsv.com\/index.php?rest_route=%2Fwp%2Fv2%2Fmedia&parent=1035"}],"curies":[{"name":"wp","href":"https:\/\/api.w.org\/{rel}","templated":true}]}}